{"id":814,"date":"2022-11-04T10:03:36","date_gmt":"2022-11-04T16:03:36","guid":{"rendered":"https:\/\/educacioncontinua.fmposgrado.unam.mx\/?page_id=814"},"modified":"2026-02-20T15:12:27","modified_gmt":"2026-02-20T21:12:27","slug":"nosotros","status":"publish","type":"page","link":"https:\/\/educacioncontinua.fmposgrado.unam.mx\/index.php\/nosotros\/","title":{"rendered":"Nosotros"},"content":{"rendered":"<p>[et_pb_section fb_built=\u00bb1&#8243; _builder_version=\u00bb4.27.4&#8243; _module_preset=\u00bbdefault\u00bb background_color=\u00bbrgba(0,18,61,0.82)\u00bb background_image=\u00bbhttps:\/\/educacioncontinua.fmposgrado.unam.mx\/wp-content\/uploads\/2022\/09\/DSC01116-scaled.jpg\u00bb background_blend=\u00bboverlay\u00bb min_height=\u00bb190px\u00bb custom_margin=\u00bb0px||200px||false|false\u00bb global_colors_info=\u00bb{}\u00bb][et_pb_row _builder_version=\u00bb4.27.4&#8243; _module_preset=\u00bbdefault\u00bb custom_margin=\u00bb||||false|false\u00bb global_colors_info=\u00bb{}\u00bb][et_pb_column type=\u00bb4_4&#8243; _builder_version=\u00bb4.27.4&#8243; _module_preset=\u00bbdefault\u00bb global_colors_info=\u00bb{}\u00bb][et_pb_text _builder_version=\u00bb4.27.4&#8243; _module_preset=\u00bbdefault\u00bb text_text_color=\u00bb#FFFFFF\u00bb header_text_align=\u00bbcenter\u00bb header_text_color=\u00bb#FFFFFF\u00bb text_orientation=\u00bbcenter\u00bb custom_margin=\u00bb65px||||false|false\u00bb global_colors_info=\u00bb{}\u00bb]<\/p>\n<h2><span style=\"color: #ffffff;\"><em><strong>Presentaci\u00f3n<\/strong><\/em><\/span><\/h2>\n<p>[\/et_pb_text][\/et_pb_column][\/et_pb_row][\/et_pb_section][et_pb_section fb_built=\u00bb1&#8243; disabled_on=\u00bboff|off|off\u00bb _builder_version=\u00bb4.27.4&#8243; _module_preset=\u00bbdefault\u00bb min_height=\u00bb1511.3px\u00bb custom_margin=\u00bb-200px||-200px||false|false\u00bb custom_padding=\u00bb404px||||false|false\u00bb hover_enabled=\u00bb0&#8243; global_colors_info=\u00bb{}\u00bb sticky_enabled=\u00bb0&#8243;][et_pb_row _builder_version=\u00bb4.27.4&#8243; _module_preset=\u00bbdefault\u00bb custom_margin=\u00bb-350px||25px||false|false\u00bb custom_padding=\u00bb0px||||false|false\u00bb global_colors_info=\u00bb{}\u00bb custom_padding__hover_enabled=\u00bbon|desktop\u00bb custom_padding__hover=\u00bb0px||||false|false\u00bb][et_pb_column type=\u00bb4_4&#8243; _builder_version=\u00bb4.27.4&#8243; _module_preset=\u00bbdefault\u00bb global_colors_info=\u00bb{}\u00bb][et_pb_text _builder_version=\u00bb4.27.4&#8243; _module_preset=\u00bbdefault\u00bb text_font_size=\u00bb20px\u00bb global_colors_info=\u00bb{}\u00bb]<\/p>\n<h2 style=\"text-align: center;\"><strong>Subdivisi\u00f3n de Graduados y Educaci\u00f3n Continua<\/strong><\/h2>\n<p><strong><\/strong><\/p>\n<h6 style=\"text-align: center;\"><em>Ofrece actividades de actualizaci\u00f3n y capacitaci\u00f3n para el desarrollo profesional, con el respaldo de la universidad m\u00e1s grande e importante de Iberoam\u00e9rica<\/em><\/h6>\n<p>[\/et_pb_text][\/et_pb_column][\/et_pb_row][et_pb_row column_structure=\u00bb2_5,3_5&#8243; _builder_version=\u00bb4.27.4&#8243; _module_preset=\u00bbdefault\u00bb custom_margin=\u00bb||50px||false|false\u00bb hover_enabled=\u00bb0&#8243; border_color_all=\u00bb#FFFFFF\u00bb global_colors_info=\u00bb{}\u00bb disabled_on=\u00bbon|on|on\u00bb disabled=\u00bbon\u00bb sticky_enabled=\u00bb0&#8243;][et_pb_column type=\u00bb2_5&#8243; _builder_version=\u00bb4.27.4&#8243; _module_preset=\u00bbdefault\u00bb global_colors_info=\u00bb{}\u00bb][et_pb_image src=\u00bbhttps:\/\/educacioncontinua.fmposgrado.unam.mx\/wp-content\/uploads\/2026\/01\/Division-de-Estudios-de-Posgrado-Subdivision-de-Graduados-y-Educacion-Continua-8.png\u00bb title_text=\u00bbDivisi\u00f3n de Estudios de Posgrado Subdivisi\u00f3n de Graduados y Educaci\u00f3n Continua (8)\u00bb _builder_version=\u00bb4.27.4&#8243; _module_preset=\u00bbdefault\u00bb max_height=\u00bb450px\u00bb border_radii=\u00bbon|200px|200px|200px|200px\u00bb global_colors_info=\u00bb{}\u00bb][\/et_pb_image][\/et_pb_column][et_pb_column type=\u00bb3_5&#8243; _builder_version=\u00bb4.27.4&#8243; _module_preset=\u00bbdefault\u00bb global_colors_info=\u00bb{}\u00bb][et_pb_text _builder_version=\u00bb4.27.4&#8243; _module_preset=\u00bbdefault\u00bb text_font=\u00bb|600|||||||\u00bb text_text_color=\u00bb#000000&#8243; custom_margin=\u00bb120px||||false|false\u00bb custom_padding=\u00bb||||false|false\u00bb global_colors_info=\u00bb{}\u00bb]<\/p>\n<p style=\"text-align: justify;\">El organismo responsable de la Educaci\u00f3n Continua de la Facultad de Medicina a trav\u00e9s del tiempo ha tenido diferentes denominaciones y ha estado subordinada a diversas dependencias, fue Subdivisi\u00f3n de la Divisi\u00f3n de Estudios de Posgrado, departamento, divisi\u00f3n, coordinaci\u00f3n o secretar\u00eda. A partir de 2008 se constituy\u00f3 como Subdivisi\u00f3n de la Divisi\u00f3n de Estudios de Posgrado.<\/p>\n<p>[\/et_pb_text][\/et_pb_column][\/et_pb_row][et_pb_row column_structure=\u00bb2_5,3_5&#8243; _builder_version=\u00bb4.27.4&#8243; _module_preset=\u00bbdefault\u00bb custom_margin=\u00bb0px||||false|false\u00bb hover_enabled=\u00bb0&#8243; border_color_all=\u00bb#FFFFFF\u00bb global_colors_info=\u00bb{}\u00bb sticky_enabled=\u00bb0&#8243;][et_pb_column type=\u00bb2_5&#8243; _builder_version=\u00bb4.27.4&#8243; _module_preset=\u00bbdefault\u00bb global_colors_info=\u00bb{}\u00bb][et_pb_image src=\u00bbhttps:\/\/educacioncontinua.fmposgrado.unam.mx\/wp-content\/uploads\/2026\/01\/mision-3.0.jpeg\u00bb title_text=\u00bbmision 3.0&#8243; _builder_version=\u00bb4.27.4&#8243; _module_preset=\u00bbdefault\u00bb max_height=\u00bb450px\u00bb border_radii=\u00bbon|200px|200px|200px|200px\u00bb global_colors_info=\u00bb{}\u00bb][\/et_pb_image][\/et_pb_column][et_pb_column type=\u00bb3_5&#8243; _builder_version=\u00bb4.27.4&#8243; _module_preset=\u00bbdefault\u00bb global_colors_info=\u00bb{}\u00bb][et_pb_text _builder_version=\u00bb4.27.4&#8243; _module_preset=\u00bbdefault\u00bb text_font=\u00bb|600|||||||\u00bb text_text_color=\u00bb#000000&#8243; custom_margin=\u00bb130px||||false|false\u00bb custom_padding=\u00bb||||false|false\u00bb hover_enabled=\u00bb0&#8243; global_colors_info=\u00bb{}\u00bb sticky_enabled=\u00bb0&#8243;]<\/p>\n<p style=\"text-align: justify;\">Promover, planear, organizar, vincular, registrar y evaluar programas acad\u00e9micos de Educaci\u00f3n Continua y Desarrollo Profesional en el \u00e1rea de la salud, con el objeto de actualizar los conocimientos, habilidades y destrezas en medicina y en salud para el personal profesional y t\u00e9cnico y la difusi\u00f3n cient\u00edfica y la educaci\u00f3n para la salud a la poblaci\u00f3n en general.<\/p>\n<p>[\/et_pb_text][\/et_pb_column][\/et_pb_row][et_pb_row column_structure=\u00bb2_5,3_5&#8243; _builder_version=\u00bb4.27.4&#8243; _module_preset=\u00bbdefault\u00bb custom_margin=\u00bb50px||||false|false\u00bb global_colors_info=\u00bb{}\u00bb][et_pb_column type=\u00bb2_5&#8243; _builder_version=\u00bb4.27.4&#8243; _module_preset=\u00bbdefault\u00bb global_colors_info=\u00bb{}\u00bb][et_pb_image src=\u00bbhttps:\/\/educacioncontinua.fmposgrado.unam.mx\/wp-content\/uploads\/2026\/01\/vision.jpeg\u00bb title_text=\u00bbvision\u00bb _builder_version=\u00bb4.27.4&#8243; _module_preset=\u00bbdefault\u00bb max_height=\u00bb450px\u00bb border_radii=\u00bbon|200px|200px|200px|200px\u00bb global_colors_info=\u00bb{}\u00bb][\/et_pb_image][\/et_pb_column][et_pb_column type=\u00bb3_5&#8243; _builder_version=\u00bb4.27.4&#8243; _module_preset=\u00bbdefault\u00bb global_colors_info=\u00bb{}\u00bb][et_pb_text _builder_version=\u00bb4.27.4&#8243; _module_preset=\u00bbdefault\u00bb text_font=\u00bb|600|||||||\u00bb text_text_color=\u00bb#000000&#8243; custom_margin=\u00bb30px||||false|false\u00bb custom_padding=\u00bb||||false|false\u00bb hover_enabled=\u00bb0&#8243; global_colors_info=\u00bb{}\u00bb sticky_enabled=\u00bb0&#8243;]<\/p>\n<p>Ser el \u00e1rea y el programa de la Facultad de Medicina que coadyuve a la formaci\u00f3n y la capacitaci\u00f3n para el desarrollo para el desempe\u00f1o con conocimientos, m\u00e9todos, t\u00e9cnicas y modelos acordes a los avances cient\u00edficos y tecnol\u00f3gicos.<\/p>\n<p>Orientar los criterios, pol\u00edticas, programas y estrategias educativas , con un liderazgo de integridad y \u00e9tica de la Facultad Medicina que en forma interinstitucional e interdisciplinaria con las instituciones de salud, asociaciones acad\u00e9micas gremiales, empresas y la sociedad civil que coadyuve a mejorar la educaci\u00f3n en salud y de la atenci\u00f3n m\u00e9dica y de los servicios de salud.<\/p>\n<p>[\/et_pb_text][\/et_pb_column][\/et_pb_row][et_pb_row column_structure=\u00bb2_5,3_5&#8243; _builder_version=\u00bb4.27.4&#8243; _module_preset=\u00bbdefault\u00bb custom_margin=\u00bb50px||||false|false\u00bb hover_enabled=\u00bb0&#8243; global_colors_info=\u00bb{}\u00bb disabled_on=\u00bbon|on|on\u00bb disabled=\u00bbon\u00bb sticky_enabled=\u00bb0&#8243;][et_pb_column type=\u00bb2_5&#8243; _builder_version=\u00bb4.27.4&#8243; _module_preset=\u00bbdefault\u00bb global_colors_info=\u00bb{}\u00bb][et_pb_image src=\u00bbhttps:\/\/educacioncontinua.fmposgrado.unam.mx\/wp-content\/uploads\/2026\/01\/valores.jpeg\u00bb title_text=\u00bbvalores\u00bb _builder_version=\u00bb4.27.4&#8243; _module_preset=\u00bbdefault\u00bb max_height=\u00bb450px\u00bb border_radii=\u00bbon|200px|200px|200px|200px\u00bb global_colors_info=\u00bb{}\u00bb][\/et_pb_image][\/et_pb_column][et_pb_column type=\u00bb3_5&#8243; _builder_version=\u00bb4.27.4&#8243; _module_preset=\u00bbdefault\u00bb global_colors_info=\u00bb{}\u00bb][et_pb_text _builder_version=\u00bb4.27.4&#8243; _module_preset=\u00bbdefault\u00bb text_font=\u00bb|600|||||||\u00bb text_text_color=\u00bb#000000&#8243; custom_margin=\u00bb100px||||false|false\u00bb custom_padding=\u00bb||||false|false\u00bb global_colors_info=\u00bb{}\u00bb]<\/p>\n<p>1. Libertad: libertad de pensamiento y de expresi\u00f3n.<\/p>\n<p>2. Responsabilidad: generar conocimiento y contribuir al desarrollo social a trav\u00e9s de la investigaci\u00f3n y el ejercicio profesional.<\/p>\n<p>3. Solidaridad: compromiso con la sociedad mexicana para lograr mayor igualdad y justicia social.<\/p>\n<p>4. Excelencia: buscar un desarrollo cient\u00edfico y tecnol\u00f3gico avanzado.<\/p>\n<p>[\/et_pb_text][\/et_pb_column][\/et_pb_row][et_pb_row column_structure=\u00bb2_5,3_5&#8243; _builder_version=\u00bb4.27.4&#8243; _module_preset=\u00bbdefault\u00bb custom_margin=\u00bb50px||200px||false|false\u00bb hover_enabled=\u00bb0&#8243; global_colors_info=\u00bb{}\u00bb disabled_on=\u00bbon|on|on\u00bb disabled=\u00bbon\u00bb sticky_enabled=\u00bb0&#8243;][et_pb_column type=\u00bb2_5&#8243; _builder_version=\u00bb4.27.4&#8243; _module_preset=\u00bbdefault\u00bb global_colors_info=\u00bb{}\u00bb][et_pb_image src=\u00bbhttps:\/\/educacioncontinua.fmposgrado.unam.mx\/wp-content\/uploads\/2026\/01\/Division-de-Estudios-de-Posgrado-Subdivision-de-Graduados-y-Educacion-Continua-12.png\u00bb title_text=\u00bbDivisi\u00f3n de Estudios de Posgrado Subdivisi\u00f3n de Graduados y Educaci\u00f3n Continua (12)\u00bb _builder_version=\u00bb4.27.4&#8243; _module_preset=\u00bbdefault\u00bb max_height=\u00bb450px\u00bb border_radii=\u00bbon|200px|200px|200px|200px\u00bb global_colors_info=\u00bb{}\u00bb][\/et_pb_image][\/et_pb_column][et_pb_column type=\u00bb3_5&#8243; _builder_version=\u00bb4.27.4&#8243; _module_preset=\u00bbdefault\u00bb global_colors_info=\u00bb{}\u00bb][et_pb_text _builder_version=\u00bb4.27.4&#8243; _module_preset=\u00bbdefault\u00bb text_font=\u00bb|600|||||||\u00bb text_text_color=\u00bb#000000&#8243; custom_margin=\u00bb150px||||false|false\u00bb custom_padding=\u00bb||||false|false\u00bb global_colors_info=\u00bb{}\u00bb]<\/p>\n<p style=\"text-align: justify;\">Es integrativo, promueve actividades operacionales en el entorno social, cultural, pol\u00edtico y econ\u00f3mico con un eje centrado en el ejercicio de la medicina y del profesional de la salud con la finalidad de complementar la formaci\u00f3n curricular, profundizar y ampliar conocimiento en los campos relacionados a la salud. Cada evento acad\u00e9mico tiene flexibilidad de usar uno o varios m\u00e9todos pedag\u00f3gicos.<\/p>\n<p>[\/et_pb_text][\/et_pb_column][\/et_pb_row][et_pb_row column_structure=\u00bb2_5,3_5&#8243; _builder_version=\u00bb4.27.4&#8243; _module_preset=\u00bbdefault\u00bb custom_margin=\u00bb-150px||200px||false|false\u00bb hover_enabled=\u00bb0&#8243; global_colors_info=\u00bb{}\u00bb disabled_on=\u00bbon|on|on\u00bb disabled=\u00bbon\u00bb sticky_enabled=\u00bb0&#8243;][et_pb_column type=\u00bb2_5&#8243; _builder_version=\u00bb4.27.4&#8243; _module_preset=\u00bbdefault\u00bb global_colors_info=\u00bb{}\u00bb][et_pb_image src=\u00bbhttps:\/\/educacioncontinua.fmposgrado.unam.mx\/wp-content\/uploads\/2026\/01\/Division-de-Estudios-de-Posgrado-Subdivision-de-Graduados-y-Educacion-Continua-9-1.png\u00bb title_text=\u00bbDivisi\u00f3n de Estudios de Posgrado Subdivisi\u00f3n de Graduados y Educaci\u00f3n Continua (9)\u00bb _builder_version=\u00bb4.27.4&#8243; _module_preset=\u00bbdefault\u00bb max_height=\u00bb450px\u00bb border_radii=\u00bbon|200px|200px|200px|200px\u00bb global_colors_info=\u00bb{}\u00bb][\/et_pb_image][\/et_pb_column][et_pb_column type=\u00bb3_5&#8243; _builder_version=\u00bb4.27.4&#8243; _module_preset=\u00bbdefault\u00bb global_colors_info=\u00bb{}\u00bb][et_pb_text _builder_version=\u00bb4.27.4&#8243; _module_preset=\u00bbdefault\u00bb text_font=\u00bb|600|||||||\u00bb text_text_color=\u00bb#000000&#8243; custom_margin=\u00bb110px||||false|false\u00bb custom_padding=\u00bb||||false|false\u00bb global_colors_info=\u00bb{}\u00bb]<\/p>\n<p>En todos los casos se requiere el registro y dictamen del Comit\u00e9 sobre el plan y programa de estudios, en el que se analiza el dise\u00f1o curricular que incluye la denominaci\u00f3n, \u00e1rea acad\u00e9mica, modalidad educativa, objetivo, perfil del docente, perfil del alumno, requisistos y documentos de ingreso, temario, modelo educativo, bibliograf\u00eda, apoyos t\u00e9cnico-acad\u00e9micos, habilidades, destrezas, o competencias a adquirir, sede, fenomenolog\u00eda, duraci\u00f3n, supervisi\u00f3n, evaluaci\u00f3n, y en su caso tesina, examen o evaluaci\u00f3n para acreditarlo, as\u00ed como especificar el costo de registro o inscripci\u00f3n y los puntos o cr\u00e9ditos a otrogar.<\/p>\n<p>[\/et_pb_text][\/et_pb_column][\/et_pb_row][et_pb_row _builder_version=\u00bb4.27.4&#8243; _module_preset=\u00bbdefault\u00bb global_colors_info=\u00bb{}\u00bb][et_pb_column type=\u00bb4_4&#8243; _builder_version=\u00bb4.27.4&#8243; _module_preset=\u00bbdefault\u00bb global_colors_info=\u00bb{}\u00bb][\/et_pb_column][\/et_pb_row][\/et_pb_section]<\/p>\n","protected":false},"excerpt":{"rendered":"<p>Presentaci\u00f3nSubdivisi\u00f3n de Graduados y Educaci\u00f3n Continua Ofrece actividades de actualizaci\u00f3n y capacitaci\u00f3n para el desarrollo profesional, con el respaldo de la universidad m\u00e1s grande e importante de Iberoam\u00e9ricaEl organismo responsable de la Educaci\u00f3n Continua de la Facultad de Medicina a trav\u00e9s del tiempo ha tenido diferentes denominaciones y ha estado subordinada a diversas dependencias, fue [&hellip;]<\/p>\n","protected":false},"author":5,"featured_media":0,"parent":0,"menu_order":0,"comment_status":"closed","ping_status":"closed","template":"","meta":{"_acf_changed":false,"_et_pb_use_builder":"on","_et_pb_old_content":"","_et_gb_content_width":"","footnotes":""},"class_list":["post-814","page","type-page","status-publish","hentry"],"acf":[],"jetpack_sharing_enabled":true,"publishpress_future_action":{"enabled":false,"date":"2026-04-14 23:09:06","action":"change-status","newStatus":"draft","terms":[],"taxonomy":""},"publishpress_future_workflow_manual_trigger":{"enabledWorkflows":[]},"_links":{"self":[{"href":"https:\/\/educacioncontinua.fmposgrado.unam.mx\/index.php\/wp-json\/wp\/v2\/pages\/814","targetHints":{"allow":["GET"]}}],"collection":[{"href":"https:\/\/educacioncontinua.fmposgrado.unam.mx\/index.php\/wp-json\/wp\/v2\/pages"}],"about":[{"href":"https:\/\/educacioncontinua.fmposgrado.unam.mx\/index.php\/wp-json\/wp\/v2\/types\/page"}],"author":[{"embeddable":true,"href":"https:\/\/educacioncontinua.fmposgrado.unam.mx\/index.php\/wp-json\/wp\/v2\/users\/5"}],"replies":[{"embeddable":true,"href":"https:\/\/educacioncontinua.fmposgrado.unam.mx\/index.php\/wp-json\/wp\/v2\/comments?post=814"}],"version-history":[{"count":90,"href":"https:\/\/educacioncontinua.fmposgrado.unam.mx\/index.php\/wp-json\/wp\/v2\/pages\/814\/revisions"}],"predecessor-version":[{"id":6543,"href":"https:\/\/educacioncontinua.fmposgrado.unam.mx\/index.php\/wp-json\/wp\/v2\/pages\/814\/revisions\/6543"}],"wp:attachment":[{"href":"https:\/\/educacioncontinua.fmposgrado.unam.mx\/index.php\/wp-json\/wp\/v2\/media?parent=814"}],"curies":[{"name":"wp","href":"https:\/\/api.w.org\/{rel}","templated":true}]}}