{"id":61,"date":"2022-08-30T18:31:05","date_gmt":"2022-08-30T23:31:05","guid":{"rendered":"https:\/\/educacioncontinua.fmposgrado.unam.mx\/?page_id=61"},"modified":"2026-01-08T13:04:03","modified_gmt":"2026-01-08T19:04:03","slug":"inicio","status":"publish","type":"page","link":"https:\/\/educacioncontinua.fmposgrado.unam.mx\/index.php\/inicio\/","title":{"rendered":"Inicio"},"content":{"rendered":"<p>[et_pb_section fb_built=\u00bb1&#8243; fullwidth=\u00bbon\u00bb _builder_version=\u00bb4.18.0&#8243; _module_preset=\u00bbdefault\u00bb global_colors_info=\u00bb{}\u00bb][et_pb_fullwidth_slider _builder_version=\u00bb4.18.0&#8243; _module_preset=\u00bbdefault\u00bb global_colors_info=\u00bb{}\u00bb][et_pb_slide heading=\u00bbEducaci\u00f3n Continua \u00bb button_text=\u00bbM\u00e1s informaci\u00f3n\u00bb use_bg_overlay=\u00bbon\u00bb bg_overlay_color=\u00bbrgba(0,0,0,0.65)\u00bb _builder_version=\u00bb4.18.0&#8243; _module_preset=\u00bbdefault\u00bb header_font=\u00bb|700|||||||\u00bb header_text_align=\u00bbcenter\u00bb header_font_size=\u00bb56px\u00bb background_image=\u00bbhttps:\/\/educacioncontinua.fmposgrado.unam.mx\/wp-content\/uploads\/2022\/09\/Cirugia_p-scaled.jpeg\u00bb background_enable_image=\u00bbon\u00bb custom_button=\u00bbon\u00bb button_bg_color=\u00bb#0C71C3&#8243; text_orientation=\u00bbcenter\u00bb global_colors_info=\u00bb{}\u00bb sticky_transition=\u00bbon\u00bb]<\/p>\n<p>Your content goes here. Edit or remove this text inline or in the module Content settings. You can also style every aspect of this content in the module Design settings and even apply custom CSS to this text in the module Advanced settings.<\/p>\n<p>[\/et_pb_slide][\/et_pb_fullwidth_slider][\/et_pb_section][et_pb_section fb_built=\u00bb1&#8243; module_id=\u00bbcoverflow-carousel\u00bb _builder_version=\u00bb4.18.0&#8243; background_color=\u00bb#e5e5e5&#8243; background_enable_image=\u00bboff\u00bb background_enable_pattern_style=\u00bbon\u00bb background_pattern_style=\u00bbdiagonal-stripes-2&#8243; background_pattern_color=\u00bbrgba(0,0,0,0.02)\u00bb background_pattern_horizontal_offset=\u00bb100%\u00bb background_pattern_vertical_offset=\u00bb52%\u00bb custom_padding=\u00bb0px||0px||true|false\u00bb global_colors_info=\u00bb{}\u00bb][et_pb_row _builder_version=\u00bb4.18.0&#8243; _module_preset=\u00bbdefault\u00bb custom_padding=\u00bb67px|||||\u00bb global_colors_info=\u00bb{}\u00bb][et_pb_column type=\u00bb4_4&#8243; _builder_version=\u00bb4.18.0&#8243; _module_preset=\u00bbdefault\u00bb global_colors_info=\u00bb{}\u00bb][et_pb_text _builder_version=\u00bb4.18.0&#8243; _module_preset=\u00bbdefault\u00bb header_font=\u00bb|700|||||||\u00bb header_text_align=\u00bbcenter\u00bb header_text_color=\u00bb#12066d\u00bb global_colors_info=\u00bb{}\u00bb]<\/p>\n<h1>SERVICIOS OFERTADOS<\/h1>\n<p>[\/et_pb_text][\/et_pb_column][\/et_pb_row][et_pb_row module_class=\u00bb et_pb_row_fullwidth\u00bb _builder_version=\u00bb4.16&#8243; width=\u00bb89%\u00bb width_tablet=\u00bb80%\u00bb width_phone=\u00bb\u00bb width_last_edited=\u00bbon|desktop\u00bb max_width=\u00bb89%\u00bb max_width_tablet=\u00bb80%\u00bb max_width_phone=\u00bb\u00bb max_width_last_edited=\u00bbon|desktop\u00bb custom_margin=\u00bb|auto|-1px|auto||\u00bb make_fullwidth=\u00bbon\u00bb global_colors_info=\u00bb{}\u00bb][et_pb_column type=\u00bb4_4&#8243; _builder_version=\u00bb4.16&#8243; custom_padding=\u00bb|||\u00bb global_colors_info=\u00bb{}\u00bb custom_padding__hover=\u00bb|||\u00bb][dica_divi_carousel item_width_tablet=\u00bb\u00bb item_width_phone=\u00bb415px\u00bb item_width_last_edited=\u00bbon|desktop\u00bb centermode=\u00bbon\u00bb loop=\u00bbon\u00bb arrow_nav=\u00bbon\u00bb dot_nav=\u00bbon\u00bb advanced_effect=\u00bbcoverflow\u00bb coverflow_rotate=\u00bb42&#8243; arrow_nav_color=\u00bb#000000&#8243; overlay_color_field_bgcolor=\u00bbrgba(255,255,255,0.85)\u00bb image_force_fullwidth=\u00bbon\u00bb innercontent_padding=\u00bb15px|0|39px|0|false|false\u00bb _builder_version=\u00bb4.18.0&#8243; title_font=\u00bb||||||||\u00bb title_text_color=\u00bb#ffffff\u00bb body_font=\u00bb||||||||\u00bb body_text_color=\u00bb#b3b3b3&#8243; global_colors_info=\u00bb{}\u00bb][dica_divi_carouselitem title=\u00bbPsicolog\u00eda hospitalaria\u00bb sub_title=\u00bb DIPLOMADO\u00bb button_text=\u00bbM\u00e1s informaci\u00f3n \u00bb button_url=\u00bb#\u00bb button_url_new_window=\u00bb1&#8243; image=\u00bbhttps:\/\/educacioncontinua.fmposgrado.unam.mx\/wp-content\/uploads\/2022\/09\/Cirugia_p-scaled.jpg\u00bb content_padding=\u00bb25px|25px|25px|25px|true|true\u00bb _builder_version=\u00bb4.18.0&#8243; subtitle_text_color=\u00bb#E09900&#8243; body_font=\u00bb||||||||\u00bb background_color=\u00bb#010a35&#8243; background_enable_color=\u00bbon\u00bb custom_button=\u00bbon\u00bb button_text_size=\u00bb13px\u00bb button_text_color=\u00bb#b3b3b3&#8243; button_border_width=\u00bb0px\u00bb button_font=\u00bb||||||||\u00bb button_use_icon=\u00bbon\u00bb button_alignment=\u00bbright\u00bb box_shadow_style=\u00bbpreset3&#8243; global_colors_info=\u00bb{}\u00bb button_bg_color__hover_enabled=\u00bbon\u00bb button_bg_color__hover=\u00bb#141414&#8243; button_text_color__hover_enabled=\u00bbon\u00bb button_text_color__hover=\u00bb#ffffff\u00bb]<\/p>\n<p>Titular: Lic. Psic. Xaviera G\u00f3mez Pimienta Orleansky Modalidad: A Distancia Organizado por: Asociaci\u00f3n Mexicana de Psicolog\u00eda Hospitalaria Fecha: del 15 de enero de 2022 al 14 de enero de 2023 Horas totales: 178, Te\u00f3ricas: 98, Pr\u00e1cticas: 80 Cr\u00e9ditos Universitarios: 22 Dirigido a: Licenciatura en Psicolog\u00eda Horario: S\u00e1bados, 09:00 a 13:00 horas Tel\u00e9fono: 5517986183 Costo total: $36,000 pesos Costo de inscripci\u00f3n UNAM: $10,800 Correo: info@amph.mx<\/p>\n<p>[\/dica_divi_carouselitem][dica_divi_carouselitem title=\u00bbGesti\u00f3n de centros de salud\u00bb sub_title=\u00bb DIPLOMADO\u00bb button_text=\u00bbM\u00e1s informaci\u00f3n \u00bb button_url=\u00bb#\u00bb button_url_new_window=\u00bb1&#8243; image=\u00bbhttps:\/\/educacioncontinua.fmposgrado.unam.mx\/wp-content\/uploads\/2022\/09\/DSC_1174-1024&#215;683.jpg\u00bb content_padding=\u00bb25px|25px|25px|25px|true|true\u00bb _builder_version=\u00bb4.18.0&#8243; subtitle_text_color=\u00bb#E09900&#8243; body_font=\u00bb||||||||\u00bb background_color=\u00bb#010a35&#8243; background_enable_color=\u00bbon\u00bb custom_button=\u00bbon\u00bb button_text_size=\u00bb13px\u00bb button_text_color=\u00bb#b3b3b3&#8243; button_border_width=\u00bb0px\u00bb button_font=\u00bb||||||||\u00bb button_use_icon=\u00bbon\u00bb button_alignment=\u00bbright\u00bb box_shadow_style=\u00bbpreset3&#8243; global_colors_info=\u00bb{}\u00bb button_bg_color__hover_enabled=\u00bbon\u00bb button_bg_color__hover=\u00bb#141414&#8243; button_text_color__hover_enabled=\u00bbon\u00bb button_text_color__hover=\u00bb#ffffff\u00bb]<\/p>\n<p>Tipo de Actividad: DIPLOMADO \u00c1rea: ADMINISTRACI\u00d3N Titular: Dr. Francisco Ram\u00f3n de la Pe\u00f1a Flores Modalidad: A Distancia Organizado por: Experta Aprendizaje S.A.S Fecha: del 18 de enero al 12 de julio de 2022 Horas totales: 120, Te\u00f3ricas: 120, Pr\u00e1cticas: 0 Cr\u00e9ditos Universitarios: 15 Dirigido a: Profesionales en el \u00e1rea de la salud Horario: Martes, 17:00 a 22:00 horas, sincr\u00f3nico Tel\u00e9fono: 5587167709 Costo total: $18,500 pesos Costo de inscripci\u00f3n UNAM: $5,500 pesos Correo: rdelapenaf@yahoo.com.mx N\u00famero de expediente: SEC\/013\/2022<\/p>\n<p>[\/dica_divi_carouselitem][dica_divi_carouselitem title=\u00bbDermatolog\u00eda pedi\u00e1trica: bases para el diagn\u00f3stico y tratamiento\u00bb sub_title=\u00bb DIPLOMADO\u00bb button_text=\u00bbM\u00e1s informaci\u00f3n \u00bb button_url=\u00bb#\u00bb button_url_new_window=\u00bb1&#8243; image=\u00bbhttps:\/\/educacioncontinua.fmposgrado.unam.mx\/wp-content\/uploads\/2022\/09\/family-doctor-011.jpg\u00bb content_padding=\u00bb25px|25px|25px|25px|true|true\u00bb _builder_version=\u00bb4.18.0&#8243; subtitle_text_color=\u00bb#E09900&#8243; body_font=\u00bb||||||||\u00bb background_color=\u00bb#010a35&#8243; background_enable_color=\u00bbon\u00bb custom_button=\u00bbon\u00bb button_text_size=\u00bb13px\u00bb button_text_color=\u00bb#b3b3b3&#8243; button_border_width=\u00bb0px\u00bb button_font=\u00bb||||||||\u00bb button_use_icon=\u00bbon\u00bb button_alignment=\u00bbright\u00bb box_shadow_style=\u00bbpreset3&#8243; global_colors_info=\u00bb{}\u00bb button_bg_color__hover_enabled=\u00bbon\u00bb button_bg_color__hover=\u00bb#141414&#8243; button_text_color__hover_enabled=\u00bbon\u00bb button_text_color__hover=\u00bb#ffffff\u00bb]<\/p>\n<p>Titular: Lic. Psic. Xaviera G\u00f3mez Pimienta Orleansky Modalidad: A Distancia Organizado por: Asociaci\u00f3n Mexicana de Psicolog\u00eda Hospitalaria Fecha: del 15 de enero de 2022 al 14 de enero de 2023 Horas totales: 178, Te\u00f3ricas: 98, Pr\u00e1cticas: 80 Cr\u00e9ditos Universitarios: 22 Dirigido a: Licenciatura en Psicolog\u00eda Horario: S\u00e1bados, 09:00 a 13:00 horas Tel\u00e9fono: 5517986183 Costo total: $36,000 pesos Costo de inscripci\u00f3n UNAM: $10,800 Correo: info@amph.mx<\/p>\n<p>[\/dica_divi_carouselitem][dica_divi_carouselitem title=\u00bbPsicolog\u00eda hospitalaria\u00bb sub_title=\u00bb DIPLOMADO\u00bb button_text=\u00bbM\u00e1s informaci\u00f3n \u00bb button_url=\u00bb#\u00bb button_url_new_window=\u00bb1&#8243; image=\u00bbhttps:\/\/educacioncontinua.fmposgrado.unam.mx\/wp-content\/uploads\/2022\/08\/tipos-terapia-psicologica-large.jpeg\u00bb content_padding=\u00bb25px|25px|25px|25px|true|true\u00bb _builder_version=\u00bb4.18.0&#8243; subtitle_text_color=\u00bb#E09900&#8243; body_font=\u00bb||||||||\u00bb background_color=\u00bb#010a35&#8243; background_enable_color=\u00bbon\u00bb custom_button=\u00bbon\u00bb button_text_size=\u00bb13px\u00bb button_text_color=\u00bb#b3b3b3&#8243; button_border_width=\u00bb0px\u00bb button_font=\u00bb||||||||\u00bb button_use_icon=\u00bbon\u00bb button_alignment=\u00bbright\u00bb box_shadow_style=\u00bbpreset3&#8243; global_colors_info=\u00bb{}\u00bb button_bg_color__hover_enabled=\u00bbon\u00bb button_bg_color__hover=\u00bb#141414&#8243; button_text_color__hover_enabled=\u00bbon\u00bb button_text_color__hover=\u00bb#ffffff\u00bb]<\/p>\n<p>Titular: Lic. Psic. Xaviera G\u00f3mez Pimienta Orleansky Modalidad: A Distancia Organizado por: Asociaci\u00f3n Mexicana de Psicolog\u00eda Hospitalaria Fecha: del 15 de enero de 2022 al 14 de enero de 2023 Horas totales: 178, Te\u00f3ricas: 98, Pr\u00e1cticas: 80 Cr\u00e9ditos Universitarios: 22 Dirigido a: Licenciatura en Psicolog\u00eda Horario: S\u00e1bados, 09:00 a 13:00 horas Tel\u00e9fono: 5517986183 Costo total: $36,000 pesos Costo de inscripci\u00f3n UNAM: $10,800 Correo: info@amph.mx<\/p>\n<p>[\/dica_divi_carouselitem][dica_divi_carouselitem title=\u00bbPsicolog\u00eda hospitalaria\u00bb sub_title=\u00bb DIPLOMADO\u00bb button_text=\u00bbM\u00e1s informaci\u00f3n \u00bb button_url=\u00bb#\u00bb button_url_new_window=\u00bb1&#8243; image=\u00bbhttps:\/\/educacioncontinua.fmposgrado.unam.mx\/wp-content\/uploads\/2022\/09\/DSC_1215-scaled.jpg\u00bb content_padding=\u00bb25px|25px|25px|25px|true|true\u00bb _builder_version=\u00bb4.18.0&#8243; subtitle_text_color=\u00bb#E09900&#8243; body_font=\u00bb||||||||\u00bb background_color=\u00bb#010a35&#8243; background_enable_color=\u00bbon\u00bb custom_button=\u00bbon\u00bb button_text_size=\u00bb13px\u00bb button_text_color=\u00bb#b3b3b3&#8243; button_border_width=\u00bb0px\u00bb button_font=\u00bb||||||||\u00bb button_use_icon=\u00bbon\u00bb button_alignment=\u00bbright\u00bb box_shadow_style=\u00bbpreset3&#8243; global_colors_info=\u00bb{}\u00bb button_bg_color__hover_enabled=\u00bbon\u00bb button_bg_color__hover=\u00bb#141414&#8243; button_text_color__hover_enabled=\u00bbon\u00bb button_text_color__hover=\u00bb#ffffff\u00bb]<\/p>\n<p>Titular: Lic. Psic. Xaviera G\u00f3mez Pimienta Orleansky Modalidad: A Distancia Organizado por: Asociaci\u00f3n Mexicana de Psicolog\u00eda Hospitalaria Fecha: del 15 de enero de 2022 al 14 de enero de 2023 Horas totales: 178, Te\u00f3ricas: 98, Pr\u00e1cticas: 80 Cr\u00e9ditos Universitarios: 22 Dirigido a: Licenciatura en Psicolog\u00eda Horario: S\u00e1bados, 09:00 a 13:00 horas Tel\u00e9fono: 5517986183 Costo total: $36,000 pesos Costo de inscripci\u00f3n UNAM: $10,800 Correo: info@amph.mx<\/p>\n<p>[\/dica_divi_carouselitem][\/dica_divi_carousel][\/et_pb_column][\/et_pb_row][\/et_pb_section][et_pb_section fb_built=\u00bb1&#8243; _builder_version=\u00bb4.18.0&#8243; _module_preset=\u00bbdefault\u00bb background_color=\u00bb#0C71C3&#8243; background_enable_pattern_style=\u00bbon\u00bb background_pattern_style=\u00bbsquares\u00bb global_colors_info=\u00bb{}\u00bb][et_pb_row column_structure=\u00bb1_3,1_3,1_3&#8243; _builder_version=\u00bb4.18.0&#8243; _module_preset=\u00bbdefault\u00bb global_colors_info=\u00bb{}\u00bb][et_pb_column type=\u00bb1_3&#8243; _builder_version=\u00bb4.18.0&#8243; _module_preset=\u00bbdefault\u00bb global_colors_info=\u00bb{}\u00bb][et_pb_icon font_icon=\u00bb&#xf0f0;||fa||900&#8243; icon_color=\u00bb#FFFFFF\u00bb icon_width=\u00bb33px\u00bb _builder_version=\u00bb4.18.0&#8243; _module_preset=\u00bbdefault\u00bb custom_margin=\u00bb||5px||false|false\u00bb custom_padding=\u00bb0px||0px||false|false\u00bb global_colors_info=\u00bb{}\u00bb][\/et_pb_icon][et_pb_number_counter number=\u00bb100&#8243; percent_sign=\u00bboff\u00bb _builder_version=\u00bb4.18.0&#8243; _module_preset=\u00bbdefault\u00bb number_font=\u00bb|700|||||||\u00bb number_text_color=\u00bb#FFFFFF\u00bb custom_margin=\u00bb||19px|||\u00bb global_colors_info=\u00bb{}\u00bb][\/et_pb_number_counter][et_pb_text _builder_version=\u00bb4.18.0&#8243; _module_preset=\u00bbdefault\u00bb text_font=\u00bb|700|||||||\u00bb text_text_color=\u00bb#FFFFFF\u00bb text_font_size=\u00bb26px\u00bb custom_margin=\u00bb||19px|||\u00bb global_colors_info=\u00bb{}\u00bb]<\/p>\n<p style=\"text-align: center;\">Cursos Presenciales<\/p>\n<p>[\/et_pb_text][\/et_pb_column][et_pb_column type=\u00bb1_3&#8243; _builder_version=\u00bb4.18.0&#8243; _module_preset=\u00bbdefault\u00bb global_colors_info=\u00bb{}\u00bb][et_pb_icon font_icon=\u00bb&#xf486;||fa||900&#8243; icon_color=\u00bb#FFFFFF\u00bb icon_width=\u00bb33px\u00bb _builder_version=\u00bb4.18.0&#8243; _module_preset=\u00bbdefault\u00bb custom_margin=\u00bb||5px||false|false\u00bb custom_padding=\u00bb0px||0px||false|false\u00bb global_colors_info=\u00bb{}\u00bb][\/et_pb_icon][et_pb_number_counter number=\u00bb30&#8243; percent_sign=\u00bboff\u00bb _builder_version=\u00bb4.18.0&#8243; _module_preset=\u00bbdefault\u00bb number_font=\u00bb|700|||||||\u00bb number_text_color=\u00bb#FFFFFF\u00bb custom_margin=\u00bb||19px|||\u00bb global_colors_info=\u00bb{}\u00bb][\/et_pb_number_counter][et_pb_text _builder_version=\u00bb4.18.0&#8243; _module_preset=\u00bbdefault\u00bb text_font=\u00bb|700|||||||\u00bb text_text_color=\u00bb#FFFFFF\u00bb text_font_size=\u00bb26px\u00bb custom_margin=\u00bb||19px|||\u00bb global_colors_info=\u00bb{}\u00bb]<\/p>\n<p style=\"text-align: center;\">Cursos Mixtos\u00a0<\/p>\n<p>[\/et_pb_text][\/et_pb_column][et_pb_column type=\u00bb1_3&#8243; _builder_version=\u00bb4.18.0&#8243; _module_preset=\u00bbdefault\u00bb global_colors_info=\u00bb{}\u00bb][et_pb_icon font_icon=\u00bb&#xe00d;||divi||400&#8243; icon_color=\u00bb#FFFFFF\u00bb icon_width=\u00bb33px\u00bb _builder_version=\u00bb4.18.0&#8243; _module_preset=\u00bbdefault\u00bb custom_margin=\u00bb||5px||false|false\u00bb custom_padding=\u00bb0px||0px||false|false\u00bb global_colors_info=\u00bb{}\u00bb][\/et_pb_icon][et_pb_number_counter number=\u00bb270&#8243; percent_sign=\u00bboff\u00bb _builder_version=\u00bb4.18.0&#8243; _module_preset=\u00bbdefault\u00bb number_font=\u00bb|700|||||||\u00bb number_text_color=\u00bb#FFFFFF\u00bb custom_margin=\u00bb||19px|||\u00bb global_colors_info=\u00bb{}\u00bb][\/et_pb_number_counter][et_pb_text _builder_version=\u00bb4.18.0&#8243; _module_preset=\u00bbdefault\u00bb text_font=\u00bb|700|||||||\u00bb text_text_color=\u00bb#FFFFFF\u00bb text_font_size=\u00bb26px\u00bb custom_margin=\u00bb||19px|||\u00bb global_colors_info=\u00bb{}\u00bb]<\/p>\n<p style=\"text-align: center;\">Cursos a Distancia<\/p>\n<p>[\/et_pb_text][\/et_pb_column][\/et_pb_row][\/et_pb_section][et_pb_section fb_built=\u00bb1&#8243; _builder_version=\u00bb4.18.0&#8243; _module_preset=\u00bbdefault\u00bb global_colors_info=\u00bb{}\u00bb][et_pb_row column_structure=\u00bb2_3,1_3&#8243; _builder_version=\u00bb4.18.0&#8243; _module_preset=\u00bbdefault\u00bb global_colors_info=\u00bb{}\u00bb][et_pb_column type=\u00bb2_3&#8243; _builder_version=\u00bb4.18.0&#8243; _module_preset=\u00bbdefault\u00bb global_colors_info=\u00bb{}\u00bb][et_pb_text _builder_version=\u00bb4.18.0&#8243; _module_preset=\u00bbdefault\u00bb header_font=\u00bb|700|||||||\u00bb header_text_color=\u00bb#e09900&#8243; global_colors_info=\u00bb{}\u00bb]<\/p>\n<h1>Diplomados\u00a0<\/h1>\n<p>[\/et_pb_text][et_pb_divider color=\u00bb#E09900&#8243; _builder_version=\u00bb4.18.0&#8243; _module_preset=\u00bbdefault\u00bb custom_margin=\u00bb||6px|||\u00bb global_colors_info=\u00bb{}\u00bb][\/et_pb_divider][et_pb_blog fullwidth=\u00bboff\u00bb posts_number=\u00bb8&#8243; show_author=\u00bboff\u00bb show_date=\u00bboff\u00bb show_excerpt=\u00bboff\u00bb _builder_version=\u00bb4.18.0&#8243; _module_preset=\u00bbdefault\u00bb header_font=\u00bb|700|||||||\u00bb header_text_color=\u00bb#023f84&#8243; header_font_size=\u00bb21px\u00bb meta_font=\u00bb|600||||on|||\u00bb border_radii=\u00bbon|20px|20px|20px|20px\u00bb global_colors_info=\u00bb{}\u00bb][\/et_pb_blog][\/et_pb_column][et_pb_column type=\u00bb1_3&#8243; _builder_version=\u00bb4.18.0&#8243; _module_preset=\u00bbdefault\u00bb global_colors_info=\u00bb{}\u00bb][et_pb_sidebar _builder_version=\u00bb4.18.0&#8243; _module_preset=\u00bbdefault\u00bb header_font=\u00bb|600|||||||\u00bb header_text_color=\u00bb#E09900&#8243; body_font=\u00bb|600|||||||\u00bb body_font_size=\u00bb15px\u00bb global_colors_info=\u00bb{}\u00bb][\/et_pb_sidebar][\/et_pb_column][\/et_pb_row][\/et_pb_section][et_pb_section fb_built=\u00bb1&#8243; _builder_version=\u00bb4.18.0&#8243; _module_preset=\u00bbdefault\u00bb background_color=\u00bb#efefef\u00bb global_colors_info=\u00bb{}\u00bb][et_pb_row column_structure=\u00bb1_2,1_2&#8243; _builder_version=\u00bb4.18.0&#8243; _module_preset=\u00bbdefault\u00bb global_colors_info=\u00bb{}\u00bb][et_pb_column type=\u00bb1_2&#8243; _builder_version=\u00bb4.18.0&#8243; _module_preset=\u00bbdefault\u00bb global_colors_info=\u00bb{}\u00bb][et_pb_text _builder_version=\u00bb4.18.0&#8243; _module_preset=\u00bbdefault\u00bb header_font=\u00bb|600|||||||\u00bb header_text_color=\u00bb#070f7a\u00bb global_colors_info=\u00bb{}\u00bb]<\/p>\n<div class=\"block-heading-two\">\n<h1><span>Objetivos<\/span><\/h1>\n<\/div>\n<p>-Planear, desarrollar, organizar y evaluar programas acad\u00e9micos de Educaci\u00f3n Continua y desarrollo profesional.<br \/>-Generar ingresos econ\u00f3micos extraordinarios a la Facultad de Medicina de la UNAM.<\/p>\n<p>&nbsp;<\/p>\n<h1>Modelo Educativo<\/h1>\n<p>El modelo educativo es integrativo, promueve actividades operacionales en el entorno social, cultural, pol\u00edtico y econ\u00f3mico con un eje centrado en el ejercicio de la medicina y del profesional de la salud, se estudian las situaciones por resolver y se concretan soluciones transformadoras con el uso de tecnolog\u00eda educativa, de la \u201cNueva Escuela\u201d, de la did\u00e1ctica cr\u00edtica, constructivista y el desarrollo de habilidades y competencias de apoyo cercano. Cada evento acad\u00e9mico tiene la flexibilidad de usar uno o varios m\u00e9todos pedag\u00f3gicos.<\/p>\n<p>[\/et_pb_text][\/et_pb_column][et_pb_column type=\u00bb1_2&#8243; _builder_version=\u00bb4.18.0&#8243; _module_preset=\u00bbdefault\u00bb global_colors_info=\u00bb{}\u00bb][et_pb_image src=\u00bbhttps:\/\/educacioncontinua.fmposgrado.unam.mx\/wp-content\/uploads\/2022\/09\/family-doctor-05.jpg\u00bb title_text=\u00bbfamily-doctor-05&#8243; _builder_version=\u00bb4.18.0&#8243; _module_preset=\u00bbdefault\u00bb global_colors_info=\u00bb{}\u00bb][\/et_pb_image][\/et_pb_column][\/et_pb_row][\/et_pb_section]<\/p>\n","protected":false},"excerpt":{"rendered":"<p>Your content goes here. Edit or remove this text inline or in the module Content settings. You can also style every aspect of this content in the module Design settings and even apply custom CSS to this text in the module Advanced settings.SERVICIOS OFERTADOS<div class=\"et_pb_module dica_divi_carousel dica_divi_carousel_0\">\n\t\t\t\t\n\t\t\t\t\n\t\t\t\t\n\t\t\t\t\n\t\t\t\t\n\t\t\t\t\n\t\t\t\t<div class=\"et_pb_module_inner\">\n\t\t\t\t\t<div class=\"dica-container  desktop_middle-inside tablet_middle-inside mobile_middle-inside\" data-props='{\"desktop\":\"4\",\"tablet\":\"3\",\"mobile\":\"1\",\"speed\":\"500\",\"arrow\":\"\\u00bbon\\u00bb\",\"dots\":\"\\u00bbon\\u00bb\",\"autoplay\":\"off\",\"autoSpeed\":\"1000\",\"loop\":\"\\u00bbon\\u00bb\",\"item_spacing\":\"30\",\"center_mode\":\"\\u00bbon\\u00bb\",\"slider_effec\":\"\\u00bbcoverflow\\u00bb\",\"cover_rotate\":\"\\u00bb42&#8243;\",\"pause_onhover\":\"off\",\"multislide\":\"off\",\"cfshadow\":\"on\",\"order\":\"0\",\"lazyload\":\"off\",\"lazybefore\":\"off\",\"scroller_effect\":\"off\",\"autowidth\":\"off\",\"item_spacing_tablet\":\"30\",\"item_spacing_phone\":\"30\",\"scroller_speed\":\"4000\",\"hashNavigation\":\"off\",\"simulatetouch\":\"off\",\"allowtouchmove\":\"off\",\"slide_row\":\"1\",\"slide_row_tablet\":\"1\",\"slide_row_phone\":\"1\",\"keyboard\":\"off\",\"mousewheel\":\"off\",\"autoplay_viewport\":\"\"}'>\n\t\t\t\t\t\t\t \t<div class=\"swiper-container\" >\n\t\t\t\t\t\t\t\t\t<div class=\"swiper-wrapper\"><\/div>\t\n\t\t\t\t\t\t\t\t<\/div>\t\n\t\t\t\t\t\t\t\t\n\t\t\t\t\t\t\t\t\t\t\t\t\t\t\n\t\t\t\t\t\t\t<\/div>\n\t\t\t\t<\/div>\n\t\t\t<\/div><\/p>\n","protected":false},"author":5,"featured_media":0,"parent":0,"menu_order":0,"comment_status":"closed","ping_status":"closed","template":"","meta":{"_acf_changed":false,"_et_pb_use_builder":"on","_et_pb_old_content":"<!-- wp:divi\/placeholder \/-->","_et_gb_content_width":"","footnotes":""},"class_list":["post-61","page","type-page","status-publish","hentry"],"acf":[],"jetpack_sharing_enabled":true,"publishpress_future_action":{"enabled":false,"date":"2026-05-23 00:37:19","action":"change-status","newStatus":"draft","terms":[],"taxonomy":""},"publishpress_future_workflow_manual_trigger":{"enabledWorkflows":[]},"_links":{"self":[{"href":"https:\/\/educacioncontinua.fmposgrado.unam.mx\/index.php\/wp-json\/wp\/v2\/pages\/61","targetHints":{"allow":["GET"]}}],"collection":[{"href":"https:\/\/educacioncontinua.fmposgrado.unam.mx\/index.php\/wp-json\/wp\/v2\/pages"}],"about":[{"href":"https:\/\/educacioncontinua.fmposgrado.unam.mx\/index.php\/wp-json\/wp\/v2\/types\/page"}],"author":[{"embeddable":true,"href":"https:\/\/educacioncontinua.fmposgrado.unam.mx\/index.php\/wp-json\/wp\/v2\/users\/5"}],"replies":[{"embeddable":true,"href":"https:\/\/educacioncontinua.fmposgrado.unam.mx\/index.php\/wp-json\/wp\/v2\/comments?post=61"}],"version-history":[{"count":17,"href":"https:\/\/educacioncontinua.fmposgrado.unam.mx\/index.php\/wp-json\/wp\/v2\/pages\/61\/revisions"}],"predecessor-version":[{"id":4616,"href":"https:\/\/educacioncontinua.fmposgrado.unam.mx\/index.php\/wp-json\/wp\/v2\/pages\/61\/revisions\/4616"}],"wp:attachment":[{"href":"https:\/\/educacioncontinua.fmposgrado.unam.mx\/index.php\/wp-json\/wp\/v2\/media?parent=61"}],"curies":[{"name":"wp","href":"https:\/\/api.w.org\/{rel}","templated":true}]}}